{"id":125,"date":"2024-08-09T19:43:09","date_gmt":"2024-08-09T17:43:09","guid":{"rendered":"https:\/\/localhost\/proyectoword\/?page_id=125"},"modified":"2026-03-24T20:35:00","modified_gmt":"2026-03-25T01:35:00","slug":"consultoria-de-mejora-de-procesos","status":"publish","type":"page","link":"https:\/\/woowtechnologysas.com\/?page_id=125","title":{"rendered":"Consultor\u00eda de Mejora de Procesos"},"content":{"rendered":"\n<div class=\"wp-block-media-text is-stacked-on-mobile\" style=\"grid-template-columns:46% auto\"><figure class=\"wp-block-media-text__media\"><img loading=\"lazy\" decoding=\"async\" width=\"1600\" height=\"800\" src=\"https:\/\/woowtechnologysas.com\/wp-content\/uploads\/2024\/08\/Shutterstock_1471479854.jpg\" alt=\"\" class=\"wp-image-177 size-full\"\/><\/figure><div class=\"wp-block-media-text__content\">\n<h3 class=\"wp-block-heading\">Optimizaci\u00f3n de Procesos<\/h3>\n\n\n\n<p><\/p>\n\n\n\n<p class=\"has-text-align-left\">Reingenier\u00eda de procesos para mejorar la eficiencia y la productividad.<\/p>\n\n\n\n<div class=\"wp-block-group\"><div class=\"wp-block-group__inner-container is-layout-constrained wp-block-group-is-layout-constrained\">\n<div class=\"wp-block-buttons is-content-justification-right is-layout-flex wp-container-core-buttons-is-layout-9fc88717 wp-block-buttons-is-layout-flex\">\n<div class=\"wp-block-button is-style-fill btn-popup popmake-435\"><a class=\"wp-block-button__link wp-element-button\" href=\"#popmake-235\" rel=\"nofollow\">Cotizar<\/a><\/div>\n<\/div>\n<\/div><\/div>\n<\/div><\/div>\n\n\n\n<div style=\"height:100px\" aria-hidden=\"true\" class=\"wp-block-spacer\"><\/div>\n\n\n\n<div class=\"wp-block-media-text is-stacked-on-mobile\" style=\"grid-template-columns:46% auto\"><figure class=\"wp-block-media-text__media\"><img loading=\"lazy\" decoding=\"async\" width=\"512\" height=\"285\" src=\"https:\/\/woowtechnologysas.com\/wp-content\/uploads\/2024\/08\/unnamed-4.jpg\" alt=\"\" class=\"wp-image-178 size-full\"\/><\/figure><div class=\"wp-block-media-text__content\">\n<h3 class=\"wp-block-heading\">Automatizaci\u00f3n de Procesos<\/h3>\n\n\n\n<p><\/p>\n\n\n\n<p class=\"has-text-align-left\">Implementaci\u00f3n de sistemas de gesti\u00f3n de procesos empresariales (BPMS) para automatizar los flujos de trabajo cr\u00edticos, permitiendo una gesti\u00f3n m\u00e1s eficiente y una mayor visibilidad sobre las operaciones.<\/p>\n\n\n\n<div class=\"wp-block-group\"><div class=\"wp-block-group__inner-container is-layout-constrained wp-block-group-is-layout-constrained\">\n<div class=\"wp-block-buttons is-content-justification-right is-layout-flex wp-container-core-buttons-is-layout-9fc88717 wp-block-buttons-is-layout-flex\">\n<div class=\"wp-block-button is-style-fill popmake-435\"><a class=\"wp-block-button__link wp-element-button\" href=\"#popmake-235\">Cotizar<\/a><\/div>\n<\/div>\n<\/div><\/div>\n<\/div><\/div>\n\n\n\n<div style=\"height:100px\" aria-hidden=\"true\" class=\"wp-block-spacer\"><\/div>\n\n\n\n<div class=\"wp-block-media-text is-stacked-on-mobile\" style=\"grid-template-columns:46% auto\"><figure class=\"wp-block-media-text__media\"><img loading=\"lazy\" decoding=\"async\" width=\"1000\" height=\"648\" src=\"https:\/\/woowtechnologysas.com\/wp-content\/uploads\/2024\/08\/Automatizacion-Inteligente-x1000-min.jpg\" alt=\"\" class=\"wp-image-179 size-full\"\/><\/figure><div class=\"wp-block-media-text__content\">\n<h3 class=\"wp-block-heading\">Robotizaci\u00f3n de Procesos<\/h3>\n\n\n\n<p><\/p>\n\n\n\n<p class=\"has-text-align-left\">Utilizaci\u00f3n de tecnolog\u00edas avanzadas como la Automatizaci\u00f3n Rob\u00f3tica de Procesos (RPA) para reducir la carga de trabajo manual y aumentar la precisi\u00f3n en las operaciones diarias.<\/p>\n\n\n\n<div class=\"wp-block-group\"><div class=\"wp-block-group__inner-container is-layout-constrained wp-block-group-is-layout-constrained\">\n<div class=\"wp-block-buttons is-content-justification-right is-layout-flex wp-container-core-buttons-is-layout-9fc88717 wp-block-buttons-is-layout-flex\">\n<div class=\"wp-block-button is-style-fill popmake-435\"><a class=\"wp-block-button__link wp-element-button\" href=\"#popmake-235\">Cotizar<\/a><\/div>\n<\/div>\n<\/div><\/div>\n<\/div><\/div>\n\n\n\n<p><\/p>\n","protected":false},"excerpt":{"rendered":"","protected":false},"author":2,"featured_media":0,"parent":0,"menu_order":0,"comment_status":"closed","ping_status":"closed","template":"","meta":{"footnotes":""},"class_list":["post-125","page","type-page","status-publish","hentry"],"_links":{"self":[{"href":"https:\/\/woowtechnologysas.com\/index.php?rest_route=\/wp\/v2\/pages\/125","targetHints":{"allow":["GET"]}}],"collection":[{"href":"https:\/\/woowtechnologysas.com\/index.php?rest_route=\/wp\/v2\/pages"}],"about":[{"href":"https:\/\/woowtechnologysas.com\/index.php?rest_route=\/wp\/v2\/types\/page"}],"author":[{"embeddable":true,"href":"https:\/\/woowtechnologysas.com\/index.php?rest_route=\/wp\/v2\/users\/2"}],"replies":[{"embeddable":true,"href":"https:\/\/woowtechnologysas.com\/index.php?rest_route=%2Fwp%2Fv2%2Fcomments&post=125"}],"version-history":[{"count":8,"href":"https:\/\/woowtechnologysas.com\/index.php?rest_route=\/wp\/v2\/pages\/125\/revisions"}],"predecessor-version":[{"id":444,"href":"https:\/\/woowtechnologysas.com\/index.php?rest_route=\/wp\/v2\/pages\/125\/revisions\/444"}],"wp:attachment":[{"href":"https:\/\/woowtechnologysas.com\/index.php?rest_route=%2Fwp%2Fv2%2Fmedia&parent=125"}],"curies":[{"name":"wp","href":"https:\/\/api.w.org\/{rel}","templated":true}]}}